{"id":1110,"date":"2024-07-15T14:57:22","date_gmt":"2024-07-15T14:57:22","guid":{"rendered":"https:\/\/ansycar.mx\/?page_id=1110"},"modified":"2024-07-15T17:45:11","modified_gmt":"2024-07-15T17:45:11","slug":"cumplimiento-normativo","status":"publish","type":"page","link":"https:\/\/ansycar.mx\/index.php\/cumplimiento-normativo\/","title":{"rendered":"Cumplimiento Normativo"},"content":{"rendered":"<style>\n    .icon-container {\n        display: flex;\n        margin-left: 10%;\n        justify-content: space-around;\n        width: 80%;\n        margin-bottom: 80px;\n        margin-top: 80px;\n    }\n    .icon {\n        text-align: center;\n        transition: transform 0.3s;\n        margin: 10px;\n        flex: 1 1 150px; \/* Ajusta el tama\u00f1o base de los iconos *\/\n        max-width: 200px; \/* Limita el tama\u00f1o m\u00e1ximo de los iconos *\/\n    }\n    .icon img {\n        width: 100px;\n        height: 100px;\n        transition: transform 0.3s;\n    }\n    .icon p {\n        margin-top: 10px;\n        font-size: 16px;\n        transition: color 0.3s;\n    }\n    .icon:hover img {\n        transform: scale(1.1);\n    }\n    .icon:hover p {\n        color: #007BFF;\n    }\n    strong {\n        display: block;\n    }\n    \n    .principal {\n    opacity: 0;\n    transition: opacity 2s ease-in-out;\n}\n\n.principal img {\n    width: 100%; \/* Ajusta el tama\u00f1o de la imagen seg\u00fan sea necesario *\/\n}\n\n.principal.visible {\n    opacity: 1;\n}\n<\/style>\n<img decoding=\"async\" style=\"width: 100%; height: auto;\" class=\"imagen\" src=\"https:\/\/ansycar.mx\/imagenes\/Fondo_Cumplimiento.png\" alt=\"Descripci\u00f3n de la imagen\">\n<div style=\"margin-bottom: 50px;\">.<\/div>\n<div class=\"icon-container\">\n    <div class=\"icon\">\n        <img decoding=\"async\" src=\"https:\/\/ansycar.mx\/imagenes\/NOM-029.png\" alt=\"Icono 1\">\n        <p>\n            <strong>NOM-029-STPS-2011<\/strong>\n            Mantenimiento de las instalaciones el\u00e9ctricas en los centros de trabajo-Condiciones de seguridad.\n        <\/p>\n    <\/div>\n    <div class=\"icon\">\n        <img decoding=\"async\" src=\"https:\/\/ansycar.mx\/imagenes\/NOM-002.png\" alt=\"Icono 2\">\n        <p>\n            <strong>NOM-002-STPS-2010<\/strong>\n            Condiciones de seguridad-Prevenci\u00f3n y protecci\u00f3n contra incendios en los centros de trabajo.\n        <\/p>\n    <\/div>\n    <div class=\"icon\">\n        <img decoding=\"async\" src=\"https:\/\/ansycar.mx\/imagenes\/NOM-001.png\" alt=\"Icono 3\">\n        <p>\n            <strong>NOM-001-STPS-2008<\/strong>\n            Edificios, locales, instalaciones y \u00e1reas en los centros de trabajo. Condiciones de seguridad.\n        <\/p>\n    <\/div>\n    <div class=\"icon\">\n        <img decoding=\"async\" src=\"https:\/\/ansycar.mx\/imagenes\/NOM-022.png\" alt=\"Icono 4\">\n        <p>\n            <strong>NOM-022-STPS-2015<\/strong>\n            Electricidad est\u00e1tica en los centros de trabajo Condiciones de seguridad.\n        <\/p>\n    <\/div>\n    <div class=\"icon\">\n        <img decoding=\"async\" src=\"https:\/\/ansycar.mx\/imagenes\/NOM-025.png\" alt=\"Icono 5\">\n        <p>\n            <strong>NOM-025-STPS-2008<\/strong>\n            Condiciones de iluminaci\u00f3n en los centros de trabajo.\n        <\/p>\n    <\/div>\n<\/div>\n\n<div style=\"text-align: center;\" class=\"principal\">\n     <h2 style=\"position: flex; margin-bottom: -150px; left: 15%; top: 40%;\">Implementando y Generando Evidencias<\/h2>\n     <img decoding=\"async\" style=\"width: 1000px; margin-left: 8%;\" src=\"https:\/\/ansycar.mx\/imagenes\/Cumplimiento2.png\" alt=\"Icono 1\">\n<\/div>\n\n<script>\ndocument.addEventListener(\"DOMContentLoaded\", function() {\n    const principalContainer = document.querySelector('.principal');\n\n    const observer = new IntersectionObserver((entries) => {\n        entries.forEach(entry => {\n            if (entry.isIntersecting) {\n                principalContainer.classList.add('visible');\n                observer.unobserve(principalContainer); \/\/ Deja de observar una vez que se ha hecho visible\n            }\n        });\n    }, {\n        threshold: 0.5 \/\/ Ajusta este valor seg\u00fan sea necesario\n    });\n\n    observer.observe(principalContainer);\n});\n\n\n<\/script>\n\n\n<div class=\"wp-block-group map-sec has-global-padding is-layout-constrained wp-container-core-group-is-layout-4480ce65 wp-block-group-is-layout-constrained\" style=\"margin-top:0;margin-bottom:0\"><\/div>\n\n\n<!DOCTYPE html>\n<html lang=\"es\">\n<head>\n    <meta charset=\"UTF-8\">\n    <style>\n        .carousel2 {\n            position: relative;\n            max-width: 700px;\n            margin: 0 auto 150px; \/* Centra horizontalmente y mantiene el margen inferior *\/\n            overflow: hidden;\n          }\n\n        .carousel2 img {\n            width: 100%;\n            transition: opacity 0.5s ease-in-out, transform 0.5s ease-in-out;\n            display: none;\n        }\n\n        .carousel2 img.active {\n            display: block;\n            opacity: 1;\n            transform: scale(1);\n        }\n\n        .carousel2 .title {\n            font-family: 'Arial Rounded MT Bold', Arial, sans-serif;\n            font-weight: bold;\n            text-align: center;\n            font-size: 1.8em;\n            margin-bottom: 10px;\n            line-height: 1.2;\n            padding: 20px 0;\n            color: #7A7A7A;\n            transition: transform 0.5s ease-in-out;\n        }\n\n        .carousel2 .title.active {\n            transform: scale(1.4);\n        }\n\n        .carousel2 .buttons {\n            position: absolute;\n            width: 100%;\n            top: 55%;\n            display: flex;\n            justify-content: space-between;\n            transform: translateY(-50%);\n        }\n\n        .carousel2 .buttons button {\n            background-color: rgba(0, 0, 0, 0.5);\n            border: none;\n            color: white;\n            padding: 20px;\n            cursor: pointer;\n        }\n\n        .carousel2 .buttons button:hover {\n            background-color: rgba(0, 0, 0, 0.8);\n        }\n    <\/style>\n<\/head>\n<body>\n    <h2 style=\"margin-bottom: 65px; text-align: center;\">Otros Servicios<\/h2>\n\n    <div class=\"carousel2\">\n        <div class=\"title\" id=\"carouselTitle\"><\/div>\n        \n        <a href=\"https:\/\/ansycar.mx\/index.php\/codigo-de-red\/#:~:text=C%C3%93DIGO%20DE%20RED-,.\">\n          <img decoding=\"async\" src=\"https:\/\/ansycar.mx\/imagenes\/Fondo_CodigoRed.png\" alt=\"Cod. Red\" class=\"active\" data-title=\"C\u00f3digo de Red\">\n        <\/a>\n\n        <a href=\"https:\/\/ansycar.mx\/index.php\/sistema-de-tierras-fisicas\/#:~:text=DE%20TIERRAS%20F%C3%8DSICAS-,.\">\n          <img decoding=\"async\" src=\"https:\/\/ansycar.mx\/imagenes\/Fondo_TierrasFisicas.png\" alt=\"Tierras Fisicas\" data-title=\"Sistema de Tierras Fisicas\">\n        <\/a>\n\n        <a href=\"https:\/\/ansycar.mx\/index.php\/auditoria-tecnica\/#:~:text=AUDITORIA%20T%C3%89CNICA-,.\">\n          <img decoding=\"async\" src=\"https:\/\/ansycar.mx\/imagenes\/Fondo_AudTecnica.png\" alt=\"Pararrayos\" data-title=\"Auditoria T\u00e9cnica\">\n        <\/a>\n\n        <a href=\"https:\/\/ansycar.mx\/index.php\/mantenimiento\/#:~:text=MANTENIMIENTO-,.\">\n          <img decoding=\"async\" src=\"https:\/\/ansycar.mx\/imagenes\/Fondo_Mantenimiento.png\" alt=\"Mtto\" data-title=\"Mantenimiento\">\n        <\/a>\n\n        <a href=\"https:\/\/ansycar.mx\/index.php\/evaluacion-de-aceite\/#:~:text=EVALUACI%C3%93N%20DE%20ACEITE-,.\">\n          <img decoding=\"async\" src=\"https:\/\/ansycar.mx\/imagenes\/Fondo_aceites.png\" alt=\"Eval. Aceites\" data-title=\"Evaluaci\u00f3n de Aceites\">\n        <\/a>\n\n        <a href=\"https:\/\/ansycar.mx\/index.php\/pruebas-electricas\/#:~:text=PRUEBAS%20EL%C3%89CTRICAS-,.\">\n          <img decoding=\"async\" src=\"https:\/\/ansycar.mx\/imagenes\/Fondo_Pruebas1.png\" alt=\"Prue. Electricas\" data-title=\"Pruebas El\u00e9ctricas\">\n        <\/a>\n\n        <a href=\"https:\/\/ansycar.mx\/index.php\/estudio-termografico\/#:~:text=ESTUDIO%20TERMOGR%C3%81FICO-,.\">\n          <img decoding=\"async\" src=\"https:\/\/ansycar.mx\/imagenes\/Fondo_termos.png\" alt=\"Est. Termografico\" data-title=\"Estudio Termogr\u00e1fico\">\n        <\/a>\n\n        <a href=\"https:\/\/ansycar.mx\/index.php\/estudio-de-calidad-en-la-energia\/#:~:text=EN%20LA%20ENERG%C3%8DA-,.\">\n          <img decoding=\"async\" src=\"https:\/\/ansycar.mx\/imagenes\/Fondo_CalidadEnergia.png\" alt=\"Est. Calidad-Energ\u00eda\" data-title=\"Estudio de Calidad-Energ\u00eda\">\n        <\/a>\n\n        <a href=\"https:\/\/ansycar.mx\/index.php\/diagramas-unifilares\/?preview=true#:~:text=DIAGRAMAS%20UNIFILARES-,.\">\n          <img decoding=\"async\" src=\"https:\/\/ansycar.mx\/imagenes\/Fondo_DiagramaUnifilar2.png\" alt=\"Diag. Unifilares\" data-title=\"Diagramas Unifilares\">\n        <\/a>\n\n        <a href=\"https:\/\/ansycar.mx\/?page_id=1110&#038;preview=true#:~:text=CUMPLIMIENTO%20NORMATIVO-,.\">\n          <img decoding=\"async\" src=\"https:\/\/ansycar.mx\/imagenes\/Fondo_Cumplimiento.png\" alt=\"Cump. Normativo\" data-title=\"Cumplimiento Normativo\">\n        <\/a>\n\n        <a href=\"https:\/\/ansycar.mx\/index.php\/capacitaciones\/#:~:text=Nuestras%20Capacitaciones-,.\">\n          <img decoding=\"async\" src=\"https:\/\/ansycar.mx\/imagenes\/Fondo_Capacitacion.png\" alt=\"Cap\" data-title=\"Capacitaciones\">\n        <\/a>\n\n        <a href=\"https:\/\/ansycar.mx\/index.php\/estudio-de-iluminacion\/#:~:text=ESTUDIO%20DE%20ILUMINACI%C3%93N-,.\">\n          <img decoding=\"async\" src=\"https:\/\/ansycar.mx\/imagenes\/Fondo_Iluminacion2.png\" alt=\"Est. Iluminaci\u00f3n\" data-title=\"Estudio de Iluminaci\u00f3n\">\n        <\/a>\n\n        <a href=\"https:\/\/ansycar.mx\/index.php\/estudio-de-corto-circuito\/#:~:text=ESTUDIOS%20ESPECIALIZADOS-,.\">\n          <img decoding=\"async\" src=\"https:\/\/ansycar.mx\/imagenes\/Estudios Especializados.png\" alt=\"Est. Especializados\" data-title=\"Estudios Especializados\">\n        <\/a>\n\n        <div class=\"buttons\">\n            <button id=\"prevBtn\">&#10094;<\/button>\n            <button id=\"nextBtn\">&#10095;<\/button>\n        <\/div>\n    <\/div>\n\n    <script>\n        const images = document.querySelectorAll('.carousel2 img');\n        const title = document.getElementById('carouselTitle');\n        const prevBtn = document.getElementById('prevBtn');\n        const nextBtn = document.getElementById('nextBtn');\n        let currentIndex2 = 0;\n\n        function showImage(index) {\n            images[currentIndex2].classList.remove('active');\n            title.classList.remove('active');\n            setTimeout(() => {\n                images[index].classList.add('active');\n                title.textContent = images[index].getAttribute('data-title');\n                title.classList.add('active');\n                currentIndex2 = index;\n            }, 500);\n        }\n\n        prevBtn.addEventListener('click', () => {\n            const nextIndex = (currentIndex2 === 0) ? images.length - 1 : currentIndex2 - 1;\n            showImage(nextIndex);\n        });\n\n        nextBtn.addEventListener('click', () => {\n            const nextIndex = (currentIndex2 === images.length - 1) ? 0 : currentIndex2 + 1;\n            showImage(nextIndex);\n        });\n\n        showImage(currentIndex2);\n    <\/script>\n<\/body>\n<\/html>","protected":false},"excerpt":{"rendered":"<p>. NOM-029-STPS-2011 Mantenimiento de las instalaciones el\u00e9ctricas en los centros de trabajo-Condiciones de seguridad. NOM-002-STPS-2010 Condiciones de seguridad-Prevenci\u00f3n y protecci\u00f3n contra incendios en los centros de trabajo. NOM-001-STPS-2008 Edificios, locales, instalaciones y \u00e1reas en los centros de trabajo. Condiciones de seguridad. NOM-022-STPS-2015 Electricidad est\u00e1tica en los centros de trabajo Condiciones de seguridad. NOM-025-STPS-2008 Condiciones de [&hellip;]<\/p>\n","protected":false},"author":1,"featured_media":0,"parent":0,"menu_order":0,"comment_status":"closed","ping_status":"closed","template":"","meta":{"_monsterinsights_skip_tracking":false,"_monsterinsights_sitenote_active":false,"_monsterinsights_sitenote_note":"","_monsterinsights_sitenote_category":0,"footnotes":""},"class_list":["post-1110","page","type-page","status-publish","hentry"],"aioseo_notices":[],"_links":{"self":[{"href":"https:\/\/ansycar.mx\/index.php\/wp-json\/wp\/v2\/pages\/1110","targetHints":{"allow":["GET"]}}],"collection":[{"href":"https:\/\/ansycar.mx\/index.php\/wp-json\/wp\/v2\/pages"}],"about":[{"href":"https:\/\/ansycar.mx\/index.php\/wp-json\/wp\/v2\/types\/page"}],"author":[{"embeddable":true,"href":"https:\/\/ansycar.mx\/index.php\/wp-json\/wp\/v2\/users\/1"}],"replies":[{"embeddable":true,"href":"https:\/\/ansycar.mx\/index.php\/wp-json\/wp\/v2\/comments?post=1110"}],"version-history":[{"count":54,"href":"https:\/\/ansycar.mx\/index.php\/wp-json\/wp\/v2\/pages\/1110\/revisions"}],"predecessor-version":[{"id":1169,"href":"https:\/\/ansycar.mx\/index.php\/wp-json\/wp\/v2\/pages\/1110\/revisions\/1169"}],"wp:attachment":[{"href":"https:\/\/ansycar.mx\/index.php\/wp-json\/wp\/v2\/media?parent=1110"}],"curies":[{"name":"wp","href":"https:\/\/api.w.org\/{rel}","templated":true}]}}